{"id":2,"date":"2025-07-26T14:14:40","date_gmt":"2025-07-26T19:14:40","guid":{"rendered":"http:\/\/localhost:8888\/topsygaming\/?page_id=2"},"modified":"2025-08-01T06:03:45","modified_gmt":"2025-08-01T11:03:45","slug":"terminosycondiciones","status":"publish","type":"page","link":"https:\/\/promostopsy.com\/topsygaming\/terminosycondiciones\/","title":{"rendered":"Terminos y condiciones"},"content":{"rendered":"\t\t<div data-elementor-type=\"wp-page\" data-elementor-id=\"2\" class=\"elementor elementor-2\">\n\t\t\t\t<div class=\"elementor-element elementor-element-6551d93c e-flex e-con-boxed e-con e-parent\" data-id=\"6551d93c\" data-element_type=\"container\">\n\t\t\t\t\t<div class=\"e-con-inner\">\n\t\t\t\t<div class=\"elementor-element elementor-element-a1127 elementor-widget elementor-widget-text-editor\" data-id=\"a1127\" data-element_type=\"widget\" data-widget_type=\"text-editor.default\">\n\t\t\t\t\t\t\t\t\t\n<h1>T\u00c9RMINOS Y CONDICIONES GENERALES DE LA PROMOCI\u00d3N \u201cGAMING TOPSY 2025\u201d<\/h1>\n<p><strong>\u00a0<\/strong><\/p>\n<p><strong>\u00a0<\/strong><\/p>\n<p>Los presentes son los T\u00e9rminos y Condiciones bajo los cuales se desarrollar\u00e1 y realizar\u00e1 por parte de INDUSTRIAS L\u00c1CTEAS TONI S.A., la promoci\u00f3n \u201cGAMING TOPSY 2025\u201d.<\/p>\n<p>\u00a0<\/p>\n<p>La persona que desee participar (en adelante EL CLIENTE) reconoce y acepta que el desarrollo y realizaci\u00f3n de esta actividad se sujetar\u00e1 \u00fanica y exclusivamente a los mismos al tenor de las siguientes cl\u00e1usulas:<\/p>\n<p>\u00a0<\/p>\n<p>\u00a0<\/p>\n<h1>PRIMERA: DEL ORGANIZADOR. \u2013<\/h1>\n<p>EL organizador de la presente promoci\u00f3n \u201cGAMING TOPSY 2025\u201d, es la compa\u00f1\u00eda INDUSTRIAS L\u00c1CTEAS TONI S.A. (en adelante EL ORGANIZADOR), con domicilio registrado en Guayaquil, Ecuador, Km. 174.5 de la v\u00eda Perimetral, Coop. San Nicol\u00e1s Fte. Pascuales Mz. 429 Solar 1.<\/p>\n<p>\u00a0<\/p>\n<p>\u00a0<\/p>\n<h1>SEGUNDA: OBJETIVO. \u2013<\/h1>\n<p><strong>INDUSTRIAS L\u00c1CTEAS TONI S.A.<\/strong>, en adelante \u201cEl Organizador\u201d, quiere premiar a los consumidores (\u201cLos Participantes\u201d) m\u00e1s fieles a nivel nacional en su marca Topsy, participando en los juegos disponibles en el <em>landing <\/em>page y as\u00ed poder ganar incre\u00edbles premios.<\/p>\n<p>\u00a0<\/p>\n<p>\u00a0<\/p>\n<h1>TERCERA: DURACI\u00d3N Y VIGENCIA DE LA PROMOCI\u00d3N. \u2013<\/h1>\n<h1>\u00a0<\/h1>\n<p>La promoci\u00f3n \u201cGAMING TOPSY 2025\u201d tendr\u00e1 una vigencia comprendida a partir del 1 de agosto de 2025 y finalizar\u00e1 el 31 de enero de 2026.<\/p>\n<p>\u00a0<\/p>\n<p>EL ORGANIZADOR se reserva el derecho de modificar las fechas de inicio y finalizaci\u00f3n de la promoci\u00f3n \u201cGAMING TOPSY 2025\u201d, as\u00ed como los premios, condiciones y plazos establecidos. Asimismo, podr\u00e1 ajustar estos t\u00e9rminos y condiciones en caso de presentarse circunstancias de fuerza mayor, situaciones fuera de su control o ajenas a su voluntad.<\/p>\n<p>\u00a0<\/p>\n<p>\u00a0<\/p>\n<h1>CUARTA: OBJETO Y \u00c1MBITO DE APLICACI\u00d3N. \u2013<\/h1>\n<p>Estos t\u00e9rminos y condiciones generales regulan la participaci\u00f3n en la promoci\u00f3n \u201cGAMING TOPSY 2025\u201d. El alcance de estos t\u00e9rminos y condiciones se limita al territorio ecuatoriano.<\/p>\n<p>\u00a0<\/p>\n<h1>QUINTA: ACEPTACI\u00d3N DE LOS T\u00c9RMINOS Y CONDICIONES DE USO. \u2013<\/h1>\n<p>Al participar en la promoci\u00f3n \u201cGAMING TOPSY 2025\u201d, EL CLIENTE acepta expresamente estos T\u00e9rminos y Condiciones y reconoce su obligatoriedad, eximiendo a EL ORGANIZADOR de futuros reclamos.<\/p>\n<p>\u00a0<\/p>\n<p>\u00a0<\/p>\n<h1>SEXTA: MECANISMO PARA PARTICIPAR. \u2013<\/h1>\n<p>La persona interesada puede participar en la promoci\u00f3n \u201cGAMING TOPSY 2025\u201d accediendo al sitio web www.promostopsy.com, seleccionando uno de los juegos disponibles, completando el registro solicitado y participando en los mismos. Cuantas m\u00e1s veces participe, mayor ser\u00e1 la probabilidad de obtener un premio. Quienes participen ingresar\u00e1n en un sorteo mensual de cinco hieleras con helado Topsy y un kit gamer que incluye mouse, teclado, aud\u00edfonos tipo casco y mousepad.<\/p>\n<p>\u00a0<\/p>\n<p>\u00a0<\/p>\n<p>\u00a0<\/p>\n<h1>S\u00c9PTIMA: MODALIDAD DEL SORTEO. \u2013<\/h1>\n<p>La promoci\u00f3n \u201cGAMING TOPSY 2025\u201d se realizar\u00e1 mediante un sorteo mensual durante seis meses, desde agosto hasta enero de 2026. El sorteo ser\u00e1 gestionado por el proveedor de la web del ORGANIZADOR en Guayaquil, siendo este el \u00fanico canal autorizado para la promoci\u00f3n.<\/p>\n<p>\u00a0<\/p>\n<p>Se seleccionar\u00e1n 30 ganadores \u00fanicos de hieleras con helado Topsy y 6 ganadores principales de un kit gamer (mouse, teclado, aud\u00edfonos tipo casco y mousepad). Cada premio principal tendr\u00e1 2 suplentes, quienes ser\u00e1n contactados si el ganador original no responde en 48 horas o no cumple los requisitos. Los suplentes ser\u00e1n notificados en las siguientes 24 horas.<\/p>\n<p>\u00a0<\/p>\n<p>\u00a0<\/p>\n<h1>OCTAVA: RESTRICCIONES Y CONDICIONES ADICIONALES. \u2013<\/h1>\n<p>Los premios consisten en:<\/p>\n<ul>\n<li>Treinta (30) hieleras con helado Topsy.<\/li>\n<li>Seis (6) kit gamers (mouse, teclado, aud\u00edfonos tipo cascos y mousepad).<\/li>\n<\/ul>\n<p>\u00a0<\/p>\n<p>\u00a0<\/p>\n<p>Los premios de la presente promoci\u00f3n \u201cGAMING TOPSY 2025\u201d, no incluyen gastos en que incurran EL CLIENTE por conceptos relacionados con la promoci\u00f3n, estos ser\u00e1n de su exclusiva responsabilidad, as\u00ed tambi\u00e9n, todo otro servicio o bien que no fuera expresamente detallado en las presentes bases, los mismos que en el evento de suscitarse ser\u00e1n de cargo de los Participantes.<\/p>\n<p>\u00a0<\/p>\n<p>\u00a0<\/p>\n<p>As\u00ed tambi\u00e9n, se encuentran excluidos todo impuesto, tasa o contribuci\u00f3n que deba tributarse, de conformidad con la legislaci\u00f3n ecuatoriana, y, asimismo, cualquier gasto que deba realizarse por el hecho del ofrecimiento, asignaci\u00f3n o entrega de los premios o con motivo de la organizaci\u00f3n o difusi\u00f3n de la promoci\u00f3n o de los Sorteos.<\/p>\n<p>Por otro lado, EL ORGANIZADOR no otorga ninguna garant\u00eda respecto de los premios a ser entregados.<\/p>\n<p>\u00a0<\/p>\n<p>As\u00ed tambi\u00e9n, los premios no son canjeables por otro producto o servicio, ni por dinero en efectivo, no son acumulables entre s\u00ed ni con otros descuentos, beneficios y\/o promociones.<\/p>\n<p>\u00a0\u00a0\u00a0\u00a0\u00a0\u00a0\u00a0\u00a0\u00a0\u00a0\u00a0\u00a0\u00a0\u00a0\u00a0\u00a0\u00a0\u00a0\u00a0\u00a0\u00a0\u00a0\u00a0\u00a0\u00a0\u00a0\u00a0\u00a0\u00a0\u00a0\u00a0\u00a0\u00a0\u00a0\u00a0\u00a0\u00a0\u00a0\u00a0\u00a0\u00a0\u00a0\u00a0\u00a0\u00a0\u00a0\u00a0\u00a0\u00a0\u00a0\u00a0\u00a0\u00a0\u00a0\u00a0\u00a0\u00a0\u00a0\u00a0\u00a0\u00a0\u00a0\u00a0\u00a0\u00a0<\/p>\n<p>\u00a0<\/p>\n<h1>NOVENA: CONDICIONES PARA LOS PARTICIPANTES. \u2013<\/h1>\n<p>Los clientes participantes de la promoci\u00f3n \u201cGAMING TOPSY 2025\u201d:<\/p>\n<ol>\n<li>Deber\u00e1n ser personas ecuatorianas mayores de doce (12) a\u00f1os.<\/li>\n<li>No podr\u00e1n ser empleados de la agencia encargada del sorteo aleatorio, ni familiares hasta el segundo grado de consanguinidad y segundo grado de afinidad, de los accionistas, representantes legales y\/o empleados de la agencia.<\/li>\n<li>No podr\u00e1n ser empleados directos de las empresas del grupo Holding Tonicorp S.A., ni familiares de \u00e9stos hasta el segundo grado de consanguinidad y segundo grado de<\/li>\n<li>Los premios deber\u00e1n ser retirados por la persona cuyo nombre est\u00e1 como ganador en el registro.<\/li>\n<li>Los Ganadores ser\u00e1n contactados por equipo de Tonicorp para hacer la entrega del<\/li>\n<li>Los participantes solo pueden ganar un<\/li>\n<\/ol>\n<p>El sorteo ser\u00e1 realizado aleatoriamente por el proveedor web del Organizador. Se seleccionar\u00e1n 30 ganadores para las hieleras con helado Topsy y 6 ganadores principales para los kits gamers (mouse, teclado, aud\u00edfonos y mousepad), cada uno con 2 suplentes. Si un ganador principal no puede ser contactado en 48 horas o no cumple los t\u00e9rminos, se asignar\u00e1 el premio al siguiente suplente en un plazo adicional de 24 horas.<\/p>\n<p>\u00a0<\/p>\n<p>\u00a0<\/p>\n<p>\u00a0<\/p>\n<p>\u00a0<\/p>\n<h1>D\u00c9CIMA: RECLAMACI\u00d3N DE PREMIOS. \u2013<\/h1>\n<p><strong>\u00a0<\/strong><\/p>\n<p>EL CLIENTE que resulte ganador de la presente promoci\u00f3n ser\u00e1 localizado por el equipo de TONICORP para la entrega del premio; para ello \u00fanicamente se realizar\u00e1 la entrega a la persona cuyos datos se encuentran debidamente registrados en el <em>Landing Page<\/em>.<\/p>\n<p>\u00a0<\/p>\n<p>Los premios podr\u00e1n ser redimidos o canjeados m\u00e1ximo dos (2) meses a partir del sortero. Posterior a esa fecha, los Participantes no podr\u00e1n beneficiarse de los premios objeto de la presente promoci\u00f3n.<\/p>\n<p>\u00a0<\/p>\n<p>Los menores de edad tendr\u00e1n que reclamar sus premios con la presencia y\/o intervenci\u00f3n de sus padres o tutor.<\/p>\n<h1>\u00a0<\/h1>\n<h1>\u00a0<\/h1>\n<h1>D\u00c9CIMA PRIMERA: RESPONSABILIDAD. \u2013<\/h1>\n<p>EL ORGANIZADOR sus compa\u00f1\u00edas matrices, subsidiarias y afiliadas, as\u00ed como, a sus respectivos empleados y directivos y a cualquier otra persona directamente involucrada con el Concurso, no ser\u00e1n responsable por da\u00f1os o perjuicios que pudieren sufrir los participantes con motivo y\/u ocasi\u00f3n de la Promoci\u00f3n y\/o del uso del Premio, declinando todo tipo de responsabilidad contractual y extracontractual que los participantes pudieran considerar que les corresponde. El Organizador no es responsable de los bienes y valores que los participantes, renunciando \u00e9stos a todo reclamo contra el Organizador y las empresas y agencias que colaboran para la ejecuci\u00f3n de la presente Promoci\u00f3n.<\/p>\n<p>\u00a0<\/p>\n<p>La responsabilidad del Organizador finalizar\u00e1 con el poner los Premios a disposici\u00f3n de los participantes, y de ninguna manera se extender\u00e1 al funcionamiento y\/o uso de estos o al destino que cada Ganador decida darles. El Organizador no ser\u00e1 responsables de las p\u00e9rdidas o los da\u00f1os que no sean previsibles. Las p\u00e9rdidas o los da\u00f1os son previsibles si es obvio que suceder\u00e1n o si, en el momento de celebrar el contrato, tanto nosotros como usted sab\u00edamos que podr\u00edan suceder.<\/p>\n<p>\u00a0<\/p>\n<p>En la medida en que no sean causadas por la negligencia del Organizador, este no ser\u00e1 responsable en virtud de estos T\u00e9rminos por las lesiones que sufran el ganador y\/o sus invitados en relaci\u00f3n con el Premio.<\/p>\n<p>\u00a0<\/p>\n<p>\u00a0<\/p>\n<h1>D\u00c9CIMA SEGUNDA: FACULTADES DE EL ORGANIZADOR. \u2013<\/h1>\n<p>El Organizador se reserva el derecho de cancelar unilateralmente en cualquier momento la Promoci\u00f3n, ampliarla, modificar total o parcialmente, extenderla en el tiempo, modificar las Bases y Condiciones. Las modificaciones, ampliaciones, disminuciones o cancelaciones ser\u00e1n difundidas a trav\u00e9s de la p\u00e1gina web <a href=\"http:\/\/www.promostopsy.com\/\"><strong>www.promostopsy.com<\/strong><\/a> El uso de esta facultad no generar\u00e1 responsabilidad alguna a El Organizador.<\/p>\n<p>\u00a0<\/p>\n<p>El Organizador entregar\u00e1 cada PREMIO a cada ganador respectivo seg\u00fan lo descrito en las presentes bases. Los PREMIOS que no resulten canjeados quedar\u00e1n a favor de El Organizador. Una vez entregados los PREMIOS el Organizador queda liberado de toda responsabilidad respecto de estos.<\/p>\n<p>\u00a0<\/p>\n<p>La presente promoci\u00f3n podr\u00e1 declararse desierta y sin lugar a pago de indemnizaci\u00f3n alguna, en el evento de que lleguen a ocurrir casos catalogados como fortuitos o de fuerza mayor, en los t\u00e9rminos previstos en el Art. 30 del C\u00f3digo Civil vigente.<\/p>\n<p>\u00a0<\/p>\n<p>\u00a0<\/p>\n<h1>D\u00c9CIMA TERCERA: DERECHO DE IMAGEN Y DATOS PERSONALES. \u2013<\/h1>\n<p>Al enviar una inscripci\u00f3n, usted da su consentimiento para que el Organizador trate sus datos personales con el fin de llevar a cabo la promoci\u00f3n y notificar y anunciar a los ganadores. El Organizador solo tratar\u00e1 sus datos personales de acuerdo con la Ley de Protecci\u00f3n de Datos Personales y su Reglamento; por lo tanto, El Organizador se compromete a mantener una estricta confidencialidad de los datos personales de los participantes.<\/p>\n<p>\u00a0<\/p>\n<p>Al participar en esta promoci\u00f3n, cada participante acepta otorgar al Organizador el derecho a usar su nombre, imagen, foto y otra informaci\u00f3n y contenido proporcionados con la finalidad de gesti\u00f3n de la promoci\u00f3n, env\u00edo de comunicaciones comerciales, actividades comerciales y publicitarios en todos los medios de comunicaci\u00f3n a nivel mundial, incluidos la televisi\u00f3n e Internet, entre otros, sin previo aviso, as\u00ed como a revisarlos o aprobarlos y sin compensaci\u00f3n adicional durante un periodo m\u00e1ximo de 2 (dos) a\u00f1os. Dicha informaci\u00f3n podr\u00e1 ser enviada a trav\u00e9s de comunicaciones electr\u00f3nicas (email, SMS, WhatsApp, u otros medios electr\u00f3nicos equivalentes).<\/p>\n<p>\u00a0<\/p>\n<p>Este derecho de uso incluye, pero no se encuentra limitado a, la reproducci\u00f3n, distribuci\u00f3n, transmisi\u00f3n, exposici\u00f3n y exhibici\u00f3n de las Im\u00e1genes, ya sea con o sin el nombre del o los participantes, con fines ilustrativos, institucionales, promocionales, editoriales, art\u00edsticos, publicitarios u otros, en cualquier publicaci\u00f3n institucional, promocional, editorial, art\u00edstica, publicitaria y con otros fines l\u00edcitos del Organizador, en cualquier tipo de presentaci\u00f3n, afiches y\/o comerciales publicitarios, que fueran publicados y\/o anunciados en cualquiera de los medios (sean de difusi\u00f3n o no) actualmente existentes o que se creen de aqu\u00ed en adelante, incluyendo expresamente Internet y otros medios virtuales, electr\u00f3nicos o digitales.<\/p>\n<p>\u00a0<\/p>\n<p>Los Participantes otorgan consentimiento voluntario, expreso e informado a EL ORGANIZADOR para que realice por plazo indefinido, el tratamiento, destino, flujo y transferencia, en cualquiera de sus modalidades, medios o soportes, local o transfronterizo, de la informaci\u00f3n y los datos personales y de identificaci\u00f3n que haya podido proporcionar bajo cualquier medio o modalidad, incluyendo nombres, apellidos, direcci\u00f3n, n\u00fameros telef\u00f3nicos, correos electr\u00f3nicos, imagen, para fines administrativos, comerciales, de publicidad, marketing, estad\u00edsticos, financieros, de negociaci\u00f3n y\/o contrataci\u00f3n, de investigaci\u00f3n y desarrollo de productos y servicios y de difusi\u00f3n de la imagen de la misma, de asesor\u00eda, de atenci\u00f3n de reclamos y solicitudes, y de ofrecimientos en general directa o indirectamente relacionados con las actividades del ORGANIZADOR y de cualquiera que pueda tener alguna vinculaci\u00f3n, o de los terceros con quienes mantenga alg\u00fan tipo de relaci\u00f3n jur\u00eddica o social.<\/p>\n<p>\u00a0<\/p>\n<p>Los menores de edad deber\u00e1n comparecer con su representante legal para firmar una autorizaci\u00f3n expresa de consentimiento de uso de su imagen y fotograf\u00edas para los efectos determinados en estas condiciones.<\/p>\n<p>\u00a0<\/p>\n<p>Los Participantes est\u00e1n siendo informados que, de manera irrestricta y gratuita, en cualquier momento, puede tener acceso a la informaci\u00f3n de los datos personales proporcionados, as\u00ed como a actualizarlos, hacer inclusiones o agregados, rectificar los mismos, hacer supresiones, cancelarlos, plantear oposiciones, revocarlos total o parcialmente, as\u00ed como plantear los reclamos y solicitudes respecto de estos.<\/p>\n<p>\u00a0<\/p>\n<h1>D\u00c9CIMA QUINTA: INTERPRETACI\u00d3N. \u2013<\/h1>\n<p>El Organizador determinar\u00e1 el criterio a aplicar en cualquier situaci\u00f3n no prevista en las presentes bases y condiciones, siendo la \u00fanica autoridad interpretativa de las mismas, reserv\u00e1ndose el derecho a efectuar cualquier modificaci\u00f3n respecto de aquellas situaciones, siempre y cuando no se altere la esencia de la Promoci\u00f3n y de acuerdo con la normativa vigente. Sus decisiones al respecto ser\u00e1n irrecurribles.<\/p>\n<p>\u00a0<\/p>\n<p>\u00a0<\/p>\n<h1>D\u00c9CIMA SEXTA: DISPOSICIONES GENERALES.-<\/h1>\n<p>El Organizador se reserva el derecho de excluirlo de participar en la promoci\u00f3n si ha infringido estos T\u00e9rminos o si su conducta es contraria al esp\u00edritu o la intenci\u00f3n de la promoci\u00f3n.<\/p>\n<p>El Organizador no es responsable de los retrasos que se produzcan fuera de su control (causados, por ejemplo, por mal tiempo, incendios, inundaciones u otros desastres naturales, accidentes, conflictos laborales, acciones gubernamentales, epidemias, pandemias, incluidas, entre otras, interrupciones de transporte, medidas gubernamentales tomadas en relaci\u00f3n con alguna pandemia o cualquier otra raz\u00f3n que est\u00e9 fuera de su control).<\/p>\n<p>Si se determina que una cl\u00e1usula de estos T\u00e9rminos es ilegal, inv\u00e1lida o inexigible, la totalidad o parte de esa cl\u00e1usula se separar\u00e1 y eliminar\u00e1 de estos T\u00e9rminos y las cl\u00e1usulas restantes seguir\u00e1n vigentes.<\/p>\n<p>Estos T\u00e9rminos se regir\u00e1n por las leyes de Ecuador, y las partes se someten a la jurisdicci\u00f3n no exclusiva de los tribunales arbitrales del Centro de Arbitraje y Mediaci\u00f3n de la C\u00e1mara de Comercio de Guayaquil.<\/p>\n\t\t\t\t\t\t\t\t<\/div>\n\t\t\t\t\t<\/div>\n\t\t\t\t<\/div>\n\t\t\t\t<\/div>\n\t\t","protected":false},"excerpt":{"rendered":"<p>T\u00c9RMINOS Y CONDICIONES GENERALES DE LA PROMOCI\u00d3N \u201cGAMING TOPSY 2025\u201d \u00a0 \u00a0 Los presentes son los T\u00e9rminos y Condiciones bajo los cuales se desarrollar\u00e1 y realizar\u00e1 por parte de INDUSTRIAS L\u00c1CTEAS TONI S.A., la promoci\u00f3n \u201cGAMING TOPSY 2025\u201d. \u00a0 La persona que desee participar (en adelante EL CLIENTE) reconoce y acepta que el desarrollo y [&hellip;]<\/p>\n","protected":false},"author":1,"featured_media":0,"parent":0,"menu_order":0,"comment_status":"closed","ping_status":"closed","template":"","meta":{"footnotes":""},"class_list":["post-2","page","type-page","status-publish","hentry"],"_links":{"self":[{"href":"https:\/\/promostopsy.com\/topsygaming\/wp-json\/wp\/v2\/pages\/2","targetHints":{"allow":["GET"]}}],"collection":[{"href":"https:\/\/promostopsy.com\/topsygaming\/wp-json\/wp\/v2\/pages"}],"about":[{"href":"https:\/\/promostopsy.com\/topsygaming\/wp-json\/wp\/v2\/types\/page"}],"author":[{"embeddable":true,"href":"https:\/\/promostopsy.com\/topsygaming\/wp-json\/wp\/v2\/users\/1"}],"replies":[{"embeddable":true,"href":"https:\/\/promostopsy.com\/topsygaming\/wp-json\/wp\/v2\/comments?post=2"}],"version-history":[{"count":7,"href":"https:\/\/promostopsy.com\/topsygaming\/wp-json\/wp\/v2\/pages\/2\/revisions"}],"predecessor-version":[{"id":341,"href":"https:\/\/promostopsy.com\/topsygaming\/wp-json\/wp\/v2\/pages\/2\/revisions\/341"}],"wp:attachment":[{"href":"https:\/\/promostopsy.com\/topsygaming\/wp-json\/wp\/v2\/media?parent=2"}],"curies":[{"name":"wp","href":"https:\/\/api.w.org\/{rel}","templated":true}]}}